
{"id":887,"date":"2021-01-14T23:24:12","date_gmt":"2021-01-14T23:24:12","guid":{"rendered":"http:\/\/mendezalvaroresidential.com\/cookies-policy\/"},"modified":"2021-01-15T14:34:43","modified_gmt":"2021-01-15T14:34:43","slug":"cookies-policy","status":"publish","type":"page","link":"https:\/\/mendezalvaroresidential.com\/en\/cookies-policy\/","title":{"rendered":"Cookies policy"},"content":{"rendered":"<h3>1. 1. What are cookies and why do we use them on the website?<\/h3>\n<p>&nbsp;<\/p>\n<p>A cookie is a file that is downloaded to your device to access a certain website in order to store and retrieve information about the way you browse on your computer. Cookies allow this website, among other things, to store and retrieve information on your options and habits. On this website, the cookies installed are necessary for it to function. It is important to note that the use of cookies does not share your personal data.<\/p>\n<p>&nbsp;<\/p>\n<h3>2. What types of cookies are there?<\/h3>\n<p>&nbsp;<\/p>\n<p>Depending on the time they remain activated, cookies can be divided into session or persistent cookies: <\/p>\n<p>\u2022 Session cookies: the data gathered and stored by these cookies are collected while you browse around the web page, and are deleted when the browser is closed. They are usually used to store information that it is of interest to keep for the provision of the service requested by you on a single occasion.<br \/>\n\u2022 Persistent cookies: these cookies are used to keep data stored in your terminal for a specific period of time, thus making it easier to control your chosen preferences without having to repeat certain parameters whenever you visit the website.<br \/>\nIn addition, depending on the entity that manages them, cookies can also be classified as first or third party:<br \/>\n\u2022 First-party cookies: these cookies are sent to your terminal device from a computer or domain managed by the publisher itself and from where the service you requested is provided.<br \/>\n\u2022 Third-party cookies: these cookies are sent to your terminal device from a computer or domain that is not managed by the publisher, but by another entity that processes the data obtained through the cookies.<br \/>\nAs regards their purpose, cookies can be:<br \/>\n\u2022 Technical cookies: these cookies allow the control of traffic and data sharing.<br \/>\n\u2022 Personalisation cookies: these cookies allow you to access the service with your own previously collected features (browser, language, etc.).<br \/>\n\u2022 Analytics cookies: these cookies allow their controller to monitor and analyse the behaviour of website users and to create a user profile.<br \/>\n\u2022 Advertising cookies: these cookies collect data on the management of advertising spaces.<\/p>\n<p>&nbsp;<\/p>\n<h3>3. What types of cookies does the website use?<\/h3>\n<p>In order to offer you the best service and to facilitate use, the number of pages visited, the number of visits, as well as the activity of visitors and their frequency of use are analyzed. To this end, Promociones Lladero S.A. uses the statistical information prepared by the Internet Service Provider.<\/p>\n<p>&nbsp;<\/p>\n<h3>4. How to disable cookies in your browser?<\/h3>\n<p>You can allow, block or delete the cookies installed on your device by changing the settings of the browser options on your computer. Please read your browser\u2019s help section carefully to learn more about how to activate the private browsing mode or unblock certain cookies.<\/p>\n<p>Informaci\u00f3n sobre cookies para\u00a0<a href=\"https:\/\/support.microsoft.com\/es-es\/help\/17442\/windows-internet-explorer-delete-manage-cookies\">Internet Explorer<\/a>.<br \/>\nInformation about cookies for \u00a0<a href=\"https:\/\/support.mozilla.org\/es\/kb\/habilitar-y-deshabilitar-cookies-que-los-Information about cookies for \u00a0<a href=\"http:\/\/help.opera.com\/Windows\/11.50\/es-ES\/cookies.html\">Opera<\/a>.<br \/>\nInformation about cookies for\u00a0<a href=\"https:\/\/support.google.com\/accounts\/answer\/61416?hl=es\">Google Chrome<\/a>.<br \/>\nInformation about cookies for\u00a0<a href=\"https:\/\/support.apple.com\/es-es\/HT201265\">Safari<\/a>.<\/p>\n","protected":false},"excerpt":{"rendered":"<p>1. 1. What are cookies and why do we use them on the website? &nbsp; A cookie is a file that is downloaded to your device to access a certain website in order to store and retrieve information about the way you browse on your computer. Cookies allow this website, among other things, to store [&hellip;]<\/p>\n","protected":false},"author":1,"featured_media":0,"parent":0,"menu_order":0,"comment_status":"closed","ping_status":"closed","template":"page-legal.php","meta":[],"yoast_head":"<!-- This site is optimized with the Yoast SEO plugin v16.8 - https:\/\/yoast.com\/wordpress\/plugins\/seo\/ -->\n<meta name=\"robots\" content=\"index, follow, max-snippet:-1, max-image-preview:large, max-video-preview:-1\" \/>\n<link rel=\"canonical\" href=\"https:\/\/mendezalvaroresidential.com\/en\/cookies-policy\/\" \/>\n<meta property=\"og:locale\" content=\"en_US\" \/>\n<meta property=\"og:type\" content=\"article\" \/>\n<meta property=\"og:title\" content=\"Cookies policy - M\u00c1R - M\u00e9ndez \u00c1lvaro Residencial\" \/>\n<meta property=\"og:description\" content=\"1. 1. What are cookies and why do we use them on the website? &nbsp; A cookie is a file that is downloaded to your device to access a certain website in order to store and retrieve information about the way you browse on your computer. Cookies allow this website, among other things, to store [&hellip;]\" \/>\n<meta property=\"og:url\" content=\"https:\/\/mendezalvaroresidential.com\/en\/cookies-policy\/\" \/>\n<meta property=\"og:site_name\" content=\"M\u00c1R - M\u00e9ndez \u00c1lvaro Residencial\" \/>\n<meta property=\"article:modified_time\" content=\"2021-01-15T14:34:43+00:00\" \/>\n<meta name=\"twitter:card\" content=\"summary_large_image\" \/>\n<meta name=\"twitter:label1\" content=\"Est. reading time\" \/>\n\t<meta name=\"twitter:data1\" content=\"2 minutes\" \/>\n<script type=\"application\/ld+json\" class=\"yoast-schema-graph\">{\"@context\":\"https:\/\/schema.org\",\"@graph\":[{\"@type\":\"WebSite\",\"@id\":\"https:\/\/mendezalvaroresidential.com\/#website\",\"url\":\"https:\/\/mendezalvaroresidential.com\/\",\"name\":\"M\\u00c1R - M\\u00e9ndez \\u00c1lvaro Residencial\",\"description\":\"Otro sitio realizado con WordPress\",\"potentialAction\":[{\"@type\":\"SearchAction\",\"target\":{\"@type\":\"EntryPoint\",\"urlTemplate\":\"https:\/\/mendezalvaroresidential.com\/?s={search_term_string}\"},\"query-input\":\"required name=search_term_string\"}],\"inLanguage\":\"en-US\"},{\"@type\":\"WebPage\",\"@id\":\"https:\/\/mendezalvaroresidential.com\/en\/cookies-policy\/#webpage\",\"url\":\"https:\/\/mendezalvaroresidential.com\/en\/cookies-policy\/\",\"name\":\"Cookies policy - M\\u00c1R - M\\u00e9ndez \\u00c1lvaro Residencial\",\"isPartOf\":{\"@id\":\"https:\/\/mendezalvaroresidential.com\/#website\"},\"datePublished\":\"2021-01-14T23:24:12+00:00\",\"dateModified\":\"2021-01-15T14:34:43+00:00\",\"breadcrumb\":{\"@id\":\"https:\/\/mendezalvaroresidential.com\/en\/cookies-policy\/#breadcrumb\"},\"inLanguage\":\"en-US\",\"potentialAction\":[{\"@type\":\"ReadAction\",\"target\":[\"https:\/\/mendezalvaroresidential.com\/en\/cookies-policy\/\"]}]},{\"@type\":\"BreadcrumbList\",\"@id\":\"https:\/\/mendezalvaroresidential.com\/en\/cookies-policy\/#breadcrumb\",\"itemListElement\":[{\"@type\":\"ListItem\",\"position\":1,\"name\":\"Portada\",\"item\":\"https:\/\/mendezalvaroresidential.com\/\"},{\"@type\":\"ListItem\",\"position\":2,\"name\":\"Cookies policy\"}]}]}<\/script>\n<!-- \/ Yoast SEO plugin. -->","yoast_head_json":{"robots":{"index":"index","follow":"follow","max-snippet":"max-snippet:-1","max-image-preview":"max-image-preview:large","max-video-preview":"max-video-preview:-1"},"canonical":"https:\/\/mendezalvaroresidential.com\/en\/cookies-policy\/","og_locale":"en_US","og_type":"article","og_title":"Cookies policy - M\u00c1R - M\u00e9ndez \u00c1lvaro Residencial","og_description":"1. 1. What are cookies and why do we use them on the website? &nbsp; A cookie is a file that is downloaded to your device to access a certain website in order to store and retrieve information about the way you browse on your computer. Cookies allow this website, among other things, to store [&hellip;]","og_url":"https:\/\/mendezalvaroresidential.com\/en\/cookies-policy\/","og_site_name":"M\u00c1R - M\u00e9ndez \u00c1lvaro Residencial","article_modified_time":"2021-01-15T14:34:43+00:00","twitter_card":"summary_large_image","twitter_misc":{"Est. reading time":"2 minutes"},"schema":{"@context":"https:\/\/schema.org","@graph":[{"@type":"WebSite","@id":"https:\/\/mendezalvaroresidential.com\/#website","url":"https:\/\/mendezalvaroresidential.com\/","name":"M\u00c1R - M\u00e9ndez \u00c1lvaro Residencial","description":"Otro sitio realizado con WordPress","potentialAction":[{"@type":"SearchAction","target":{"@type":"EntryPoint","urlTemplate":"https:\/\/mendezalvaroresidential.com\/?s={search_term_string}"},"query-input":"required name=search_term_string"}],"inLanguage":"en-US"},{"@type":"WebPage","@id":"https:\/\/mendezalvaroresidential.com\/en\/cookies-policy\/#webpage","url":"https:\/\/mendezalvaroresidential.com\/en\/cookies-policy\/","name":"Cookies policy - M\u00c1R - M\u00e9ndez \u00c1lvaro Residencial","isPartOf":{"@id":"https:\/\/mendezalvaroresidential.com\/#website"},"datePublished":"2021-01-14T23:24:12+00:00","dateModified":"2021-01-15T14:34:43+00:00","breadcrumb":{"@id":"https:\/\/mendezalvaroresidential.com\/en\/cookies-policy\/#breadcrumb"},"inLanguage":"en-US","potentialAction":[{"@type":"ReadAction","target":["https:\/\/mendezalvaroresidential.com\/en\/cookies-policy\/"]}]},{"@type":"BreadcrumbList","@id":"https:\/\/mendezalvaroresidential.com\/en\/cookies-policy\/#breadcrumb","itemListElement":[{"@type":"ListItem","position":1,"name":"Portada","item":"https:\/\/mendezalvaroresidential.com\/"},{"@type":"ListItem","position":2,"name":"Cookies policy"}]}]}},"_links":{"self":[{"href":"https:\/\/mendezalvaroresidential.com\/en\/wp-json\/wp\/v2\/pages\/887"}],"collection":[{"href":"https:\/\/mendezalvaroresidential.com\/en\/wp-json\/wp\/v2\/pages"}],"about":[{"href":"https:\/\/mendezalvaroresidential.com\/en\/wp-json\/wp\/v2\/types\/page"}],"author":[{"embeddable":true,"href":"https:\/\/mendezalvaroresidential.com\/en\/wp-json\/wp\/v2\/users\/1"}],"replies":[{"embeddable":true,"href":"https:\/\/mendezalvaroresidential.com\/en\/wp-json\/wp\/v2\/comments?post=887"}],"version-history":[{"count":2,"href":"https:\/\/mendezalvaroresidential.com\/en\/wp-json\/wp\/v2\/pages\/887\/revisions"}],"predecessor-version":[{"id":920,"href":"https:\/\/mendezalvaroresidential.com\/en\/wp-json\/wp\/v2\/pages\/887\/revisions\/920"}],"wp:attachment":[{"href":"https:\/\/mendezalvaroresidential.com\/en\/wp-json\/wp\/v2\/media?parent=887"}],"curies":[{"name":"wp","href":"https:\/\/api.w.org\/{rel}","templated":true}]}}