
{"id":886,"date":"2021-01-14T23:23:47","date_gmt":"2021-01-14T23:23:47","guid":{"rendered":"http:\/\/mendezalvaroresidential.com\/legal-advice\/"},"modified":"2021-01-15T14:46:10","modified_gmt":"2021-01-15T14:46:10","slug":"legal-advice","status":"publish","type":"page","link":"https:\/\/mendezalvaroresidential.com\/en\/legal-advice\/","title":{"rendered":"Legal Advice"},"content":{"rendered":"<p>In compliance with the Information Society Services and E-Commerce Act 34\/2002, of 11 July, please be advised that the owner of the mendezalvaroresidential.com website is the company PROMOCIONES LLADERO, S.A. whose identification details are as follows:<\/p>\n<p>\u00b7 Data controller: PROMOCIONES LLADERO, S.A.<br \/>\n\u00b7 Tax identification number (NIF): A83284018<br \/>\n\u00b7 Registered office: C\/ Pedro i Pons, no. 9-11, 6th 2nd, 08034, Barcelona<br \/>\n\u00b7 E-mail: compliance@bcapital.es<br \/>\n\u00b7 Registry details: the company is registered in the Companies Registry of Barcelona, in volume 44912, sheet 63 and page number B-471.139.<\/p>\n<p>&nbsp;<\/p>\n<h3>Accessing the Website<\/h3>\n<p>This legal notice regulates your visits to and use of the website and is intended to publicise the entity\u2019s services and allow general access to all Internet users. <\/p>\n<p>&nbsp;<\/p>\n<p>By accessing and \/ or using the website you acquire User status and accept, with no reservations of any kind, each and every one of these general terms and conditions, as well as any other specific terms and conditions which, if applicable, govern the use of the Portal or of the services linked to it. <\/p>\n<p>&nbsp;<\/p>\n<p>You should read the Legal Notice and the Privacy and Cookie Policies carefully whenever you intend to use the Website, since PROMOCIONES LLADERO, S.A. reserves the right to change or update, at any time and without the need for prior notice, the contents and services in these access and use provisions and, in general, any elements that make up the design and configuration of its Website. If you do not accept the terms and conditions of access and use, please refrain from using the Website and its contents.<\/p>\n<p>&nbsp;<\/p>\n<h3>Use of the website<\/h3>\n<p>Users agree to make diligent use of the Website, as well as of the information relating to its services and activities, in full compliance with both applicable regulations and with morality and generally accepted good conduct and public order, the terms and conditions of access and use, and any other terms and conditions determined for the Website. <\/p>\n<p>&nbsp;<\/p>\n<p>Furthermore, you agree to refrain from using any of the contents for illegal purposes or effects that are prohibited in this text, are harmful to the rights and interests of third parties, or which, in any way, may damage, disable, overload, impair or prevent normal use of the contents, other Users or any Internet user (hardware and software).<\/p>\n<p>&nbsp;<\/p>\n<h3>Operation of the Website<\/h3>\n<p>In the event of non-compliance with the terms and conditions of the Legal Notice, or the Privacy and Cookies Policies, PROMOCIONES LLADERO, S.A. reserves the right to limit, suspend and \/ or exclude access to its Website, adopting any technical measure necessary in this regard. PROMOCIONES LLADERO, S.A. will do everything in its power to keep the website in good working order, preventing errors or repairing them, and updating the contents. However, PROMOCIONES LLADERO, S.A. does not guarantee the availability and continuity of access to the Website or the absence of errors in the contents.<\/p>\n<p>&nbsp;<\/p>\n<h3>Responsibility<\/h3>\n<p>You are solely responsible for the use that may be made of any information or mechanism on the Website. <\/p>\n<p>PROMOCIONES LLADERO, S.A. shall not be held responsible for any damage to Users\u2019 hardware and \/ or software arising from access to and use of the Website. Likewise, neither shall it be held responsible for any damages and \/ or losses that may be caused by accessing and \/ or using the information on the Website, and specifically those that may occur in computer systems or those caused by computer viruses and \/ or attacks, system crashes, outages, failures or deficiencies in communications and \/ or the Internet. <\/p>\n<p>Users shall be held responsible for any damages and \/ or losses that PROMOCIONES LLADERO, S.A. may suffer as a result of the breach of any of the obligations they are subject to through this Legal Notice, applicable regulations and the Privacy and Cookies Policy.<\/p>\n<p>&nbsp;<\/p>\n<h3>Links policy (linking and linked websites)<\/h3>\n<p>&nbsp;<\/p>\n<p>a) Linking website:<br \/>\nThird parties who intend to include a link to this page on a website shall comply with current legislation and may not host contents that are inappropriate, illegal, pornographic, violent, etc. <\/p>\n<p>Under no circumstances shall PROMOCIONES LLADERO, S.A. be held responsible for the contents of the website, nor does it promote, guarantee, supervise or recommend its contents. <\/p>\n<p>If the linking website fails to comply with any of the above aspects, it will be compelled to delete the link immediately.<\/p>\n<p>&nbsp;<\/p>\n<p>b) Linked website:<br \/>\nThis Website may include links to third-party websites that can be accessed by Users. However, PROMOCIONES LLADERO, S.A. is not responsible for the contents of these linked web pages and Users are responsible for accepting and verifying accesses whenever they visit them. <\/p>\n<p>Such links or mentions have a purpose that does not imply the support, approval, commercialization or any relationship whatsoever between the website and the people or entities that own the sites where they are located.<\/p>\n<p>Ownership of the Intellectual and Industrial rights to the contents <\/p>\n<p>&nbsp;<\/p>\n<h3>Propiedad Intelectual e Industrial sobre los contenidos<\/h3>\n<p>&nbsp;<\/p>\n<p>PROMOCIONES LLADERO, S.A., or its licensors, are the owners of all the intellectual property rights to the contents of the Website, understanding as such all the designs, databases and underlying computer programs (including the source code), as well as the different elements that form part of the Website (texts, graphics, photographs, videos, colours, etc.), structure, order, etc. As regards the trademarks and trade names (\u2018distinctive signs\u2019), they are owned by PROMOCIONES LLADERO, S.A. or the licensors. <\/p>\n<p>Your use of the Website does not imply the transfer of any intellectual or industrial property rights. Users are totally prohibited from reproducing, copying, distributing, sharing or in any other way of publicly communicating, transforming or modifying the Contents or the Distinctive Signs, unless they have the authorisation of the owner of the relevant rights or this is permitted by law.<\/p>\n<p>&nbsp;<\/p>\n<h3>Advertising<\/h3>\n<p>Advertising or sponsored contents may be hosted on the website. Advertisers or sponsors are solely responsible for ensuring that the material submitted for inclusion on the Website complies with the laws that may be applicable in each case.<br \/>\nPROMOCIONES LLADERO, S.A. shall not be held responsible for any error, inaccuracy or irregularity that sponsors\u2019 or advertising contents may contain.<\/p>\n<p>&nbsp;<\/p>\n<p>PROMOCIONES LLADERO, S.A., no ser\u00e1 responsable de ning\u00fan error, inexactitud o irregularidad que puedan contener los contenidos publicitarios o de los patrocinadores.<\/p>\n<p>&nbsp;<\/p>\n<h3>Applicable laws and regulations<\/h3>\n<p>This Legal Notice is governed and interpreted in accordance with Spanish law.<\/p>\n<p>Any conflicts that may arise from visiting the Website will be submitted for their settlement to the relevant courts or tribunals in accordance with consumer and user regulations.<\/p>\n<p>&nbsp;<\/p>\n<h3>Contact<\/h3>\n<p>If you have any questions or comments about this legal notice, you can contact us by e-mailing compliance@bcapital.es.<\/p>\n","protected":false},"excerpt":{"rendered":"<p>In compliance with the Information Society Services and E-Commerce Act 34\/2002, of 11 July, please be advised that the owner of the mendezalvaroresidential.com website is the company PROMOCIONES LLADERO, S.A. whose identification details are as follows: \u00b7 Data controller: PROMOCIONES LLADERO, S.A. \u00b7 Tax identification number (NIF): A83284018 \u00b7 Registered office: C\/ Pedro i Pons, [&hellip;]<\/p>\n","protected":false},"author":1,"featured_media":0,"parent":0,"menu_order":0,"comment_status":"closed","ping_status":"closed","template":"page-legal.php","meta":[],"yoast_head":"<!-- This site is optimized with the Yoast SEO plugin v16.8 - https:\/\/yoast.com\/wordpress\/plugins\/seo\/ -->\n<meta name=\"robots\" content=\"index, follow, max-snippet:-1, max-image-preview:large, max-video-preview:-1\" \/>\n<link rel=\"canonical\" href=\"https:\/\/mendezalvaroresidential.com\/en\/legal-advice\/\" \/>\n<meta property=\"og:locale\" content=\"en_US\" \/>\n<meta property=\"og:type\" content=\"article\" \/>\n<meta property=\"og:title\" content=\"Legal Advice - M\u00c1R - M\u00e9ndez \u00c1lvaro Residencial\" \/>\n<meta property=\"og:description\" content=\"In compliance with the Information Society Services and E-Commerce Act 34\/2002, of 11 July, please be advised that the owner of the mendezalvaroresidential.com website is the company PROMOCIONES LLADERO, S.A. whose identification details are as follows: \u00b7 Data controller: PROMOCIONES LLADERO, S.A. \u00b7 Tax identification number (NIF): A83284018 \u00b7 Registered office: C\/ Pedro i Pons, [&hellip;]\" \/>\n<meta property=\"og:url\" content=\"https:\/\/mendezalvaroresidential.com\/en\/legal-advice\/\" \/>\n<meta property=\"og:site_name\" content=\"M\u00c1R - M\u00e9ndez \u00c1lvaro Residencial\" \/>\n<meta property=\"article:modified_time\" content=\"2021-01-15T14:46:10+00:00\" \/>\n<meta name=\"twitter:card\" content=\"summary_large_image\" \/>\n<meta name=\"twitter:label1\" content=\"Est. reading time\" \/>\n\t<meta name=\"twitter:data1\" content=\"6 minutes\" \/>\n<script type=\"application\/ld+json\" class=\"yoast-schema-graph\">{\"@context\":\"https:\/\/schema.org\",\"@graph\":[{\"@type\":\"WebSite\",\"@id\":\"https:\/\/mendezalvaroresidential.com\/#website\",\"url\":\"https:\/\/mendezalvaroresidential.com\/\",\"name\":\"M\\u00c1R - M\\u00e9ndez \\u00c1lvaro Residencial\",\"description\":\"Otro sitio realizado con WordPress\",\"potentialAction\":[{\"@type\":\"SearchAction\",\"target\":{\"@type\":\"EntryPoint\",\"urlTemplate\":\"https:\/\/mendezalvaroresidential.com\/?s={search_term_string}\"},\"query-input\":\"required name=search_term_string\"}],\"inLanguage\":\"en-US\"},{\"@type\":\"WebPage\",\"@id\":\"https:\/\/mendezalvaroresidential.com\/en\/legal-advice\/#webpage\",\"url\":\"https:\/\/mendezalvaroresidential.com\/en\/legal-advice\/\",\"name\":\"Legal Advice - M\\u00c1R - M\\u00e9ndez \\u00c1lvaro Residencial\",\"isPartOf\":{\"@id\":\"https:\/\/mendezalvaroresidential.com\/#website\"},\"datePublished\":\"2021-01-14T23:23:47+00:00\",\"dateModified\":\"2021-01-15T14:46:10+00:00\",\"breadcrumb\":{\"@id\":\"https:\/\/mendezalvaroresidential.com\/en\/legal-advice\/#breadcrumb\"},\"inLanguage\":\"en-US\",\"potentialAction\":[{\"@type\":\"ReadAction\",\"target\":[\"https:\/\/mendezalvaroresidential.com\/en\/legal-advice\/\"]}]},{\"@type\":\"BreadcrumbList\",\"@id\":\"https:\/\/mendezalvaroresidential.com\/en\/legal-advice\/#breadcrumb\",\"itemListElement\":[{\"@type\":\"ListItem\",\"position\":1,\"name\":\"Portada\",\"item\":\"https:\/\/mendezalvaroresidential.com\/\"},{\"@type\":\"ListItem\",\"position\":2,\"name\":\"Legal Advice\"}]}]}<\/script>\n<!-- \/ Yoast SEO plugin. -->","yoast_head_json":{"robots":{"index":"index","follow":"follow","max-snippet":"max-snippet:-1","max-image-preview":"max-image-preview:large","max-video-preview":"max-video-preview:-1"},"canonical":"https:\/\/mendezalvaroresidential.com\/en\/legal-advice\/","og_locale":"en_US","og_type":"article","og_title":"Legal Advice - M\u00c1R - M\u00e9ndez \u00c1lvaro Residencial","og_description":"In compliance with the Information Society Services and E-Commerce Act 34\/2002, of 11 July, please be advised that the owner of the mendezalvaroresidential.com website is the company PROMOCIONES LLADERO, S.A. whose identification details are as follows: \u00b7 Data controller: PROMOCIONES LLADERO, S.A. \u00b7 Tax identification number (NIF): A83284018 \u00b7 Registered office: C\/ Pedro i Pons, [&hellip;]","og_url":"https:\/\/mendezalvaroresidential.com\/en\/legal-advice\/","og_site_name":"M\u00c1R - M\u00e9ndez \u00c1lvaro Residencial","article_modified_time":"2021-01-15T14:46:10+00:00","twitter_card":"summary_large_image","twitter_misc":{"Est. reading time":"6 minutes"},"schema":{"@context":"https:\/\/schema.org","@graph":[{"@type":"WebSite","@id":"https:\/\/mendezalvaroresidential.com\/#website","url":"https:\/\/mendezalvaroresidential.com\/","name":"M\u00c1R - M\u00e9ndez \u00c1lvaro Residencial","description":"Otro sitio realizado con WordPress","potentialAction":[{"@type":"SearchAction","target":{"@type":"EntryPoint","urlTemplate":"https:\/\/mendezalvaroresidential.com\/?s={search_term_string}"},"query-input":"required name=search_term_string"}],"inLanguage":"en-US"},{"@type":"WebPage","@id":"https:\/\/mendezalvaroresidential.com\/en\/legal-advice\/#webpage","url":"https:\/\/mendezalvaroresidential.com\/en\/legal-advice\/","name":"Legal Advice - M\u00c1R - M\u00e9ndez \u00c1lvaro Residencial","isPartOf":{"@id":"https:\/\/mendezalvaroresidential.com\/#website"},"datePublished":"2021-01-14T23:23:47+00:00","dateModified":"2021-01-15T14:46:10+00:00","breadcrumb":{"@id":"https:\/\/mendezalvaroresidential.com\/en\/legal-advice\/#breadcrumb"},"inLanguage":"en-US","potentialAction":[{"@type":"ReadAction","target":["https:\/\/mendezalvaroresidential.com\/en\/legal-advice\/"]}]},{"@type":"BreadcrumbList","@id":"https:\/\/mendezalvaroresidential.com\/en\/legal-advice\/#breadcrumb","itemListElement":[{"@type":"ListItem","position":1,"name":"Portada","item":"https:\/\/mendezalvaroresidential.com\/"},{"@type":"ListItem","position":2,"name":"Legal Advice"}]}]}},"_links":{"self":[{"href":"https:\/\/mendezalvaroresidential.com\/en\/wp-json\/wp\/v2\/pages\/886"}],"collection":[{"href":"https:\/\/mendezalvaroresidential.com\/en\/wp-json\/wp\/v2\/pages"}],"about":[{"href":"https:\/\/mendezalvaroresidential.com\/en\/wp-json\/wp\/v2\/types\/page"}],"author":[{"embeddable":true,"href":"https:\/\/mendezalvaroresidential.com\/en\/wp-json\/wp\/v2\/users\/1"}],"replies":[{"embeddable":true,"href":"https:\/\/mendezalvaroresidential.com\/en\/wp-json\/wp\/v2\/comments?post=886"}],"version-history":[{"count":1,"href":"https:\/\/mendezalvaroresidential.com\/en\/wp-json\/wp\/v2\/pages\/886\/revisions"}],"predecessor-version":[{"id":922,"href":"https:\/\/mendezalvaroresidential.com\/en\/wp-json\/wp\/v2\/pages\/886\/revisions\/922"}],"wp:attachment":[{"href":"https:\/\/mendezalvaroresidential.com\/en\/wp-json\/wp\/v2\/media?parent=886"}],"curies":[{"name":"wp","href":"https:\/\/api.w.org\/{rel}","templated":true}]}}