
{"id":885,"date":"2021-01-14T23:23:34","date_gmt":"2021-01-14T23:23:34","guid":{"rendered":"http:\/\/mendezalvaroresidential.com\/en-ficha-las-viviendas-1-dormitorio\/"},"modified":"2021-04-09T10:35:26","modified_gmt":"2021-04-09T10:35:26","slug":"residences-1-bedroom","status":"publish","type":"page","link":"https:\/\/mendezalvaroresidential.com\/en\/residences-1-bedroom\/","title":{"rendered":"Residences 1 bedroom"},"content":{"rendered":"","protected":false},"excerpt":{"rendered":"","protected":false},"author":1,"featured_media":674,"parent":0,"menu_order":0,"comment_status":"closed","ping_status":"closed","template":"page-secciones.php","meta":[],"yoast_head":"<!-- This site is optimized with the Yoast SEO plugin v16.8 - https:\/\/yoast.com\/wordpress\/plugins\/seo\/ -->\n<meta name=\"robots\" content=\"index, follow, max-snippet:-1, max-image-preview:large, max-video-preview:-1\" \/>\n<link rel=\"canonical\" href=\"https:\/\/mendezalvaroresidential.com\/en\/residences-1-bedroom\/\" \/>\n<meta property=\"og:locale\" content=\"en_US\" \/>\n<meta property=\"og:type\" content=\"article\" \/>\n<meta property=\"og:title\" content=\"Residences 1 bedroom - M\u00c1R - M\u00e9ndez \u00c1lvaro Residencial\" \/>\n<meta property=\"og:url\" content=\"https:\/\/mendezalvaroresidential.com\/en\/residences-1-bedroom\/\" \/>\n<meta property=\"og:site_name\" content=\"M\u00c1R - M\u00e9ndez \u00c1lvaro Residencial\" \/>\n<meta property=\"article:modified_time\" content=\"2021-04-09T10:35:26+00:00\" \/>\n<meta property=\"og:image\" content=\"https:\/\/mendezalvaroresidential.com\/wp-content\/uploads\/2021\/01\/249_CAM_INT_01_2B_LIVING.jpg\" \/>\n\t<meta property=\"og:image:width\" content=\"2200\" \/>\n\t<meta property=\"og:image:height\" content=\"1239\" \/>\n<meta name=\"twitter:card\" content=\"summary_large_image\" \/>\n<script type=\"application\/ld+json\" class=\"yoast-schema-graph\">{\"@context\":\"https:\/\/schema.org\",\"@graph\":[{\"@type\":\"WebSite\",\"@id\":\"https:\/\/mendezalvaroresidential.com\/#website\",\"url\":\"https:\/\/mendezalvaroresidential.com\/\",\"name\":\"M\\u00c1R - M\\u00e9ndez \\u00c1lvaro Residencial\",\"description\":\"Otro sitio realizado con WordPress\",\"potentialAction\":[{\"@type\":\"SearchAction\",\"target\":{\"@type\":\"EntryPoint\",\"urlTemplate\":\"https:\/\/mendezalvaroresidential.com\/?s={search_term_string}\"},\"query-input\":\"required name=search_term_string\"}],\"inLanguage\":\"en-US\"},{\"@type\":\"ImageObject\",\"@id\":\"https:\/\/mendezalvaroresidential.com\/en\/residences-1-bedroom\/#primaryimage\",\"inLanguage\":\"en-US\",\"url\":\"https:\/\/mendezalvaroresidential.com\/wp-content\/uploads\/2021\/01\/249_CAM_INT_01_2B_LIVING.jpg\",\"contentUrl\":\"https:\/\/mendezalvaroresidential.com\/wp-content\/uploads\/2021\/01\/249_CAM_INT_01_2B_LIVING.jpg\",\"width\":2200,\"height\":1239},{\"@type\":\"WebPage\",\"@id\":\"https:\/\/mendezalvaroresidential.com\/en\/residences-1-bedroom\/#webpage\",\"url\":\"https:\/\/mendezalvaroresidential.com\/en\/residences-1-bedroom\/\",\"name\":\"Residences 1 bedroom - M\\u00c1R - M\\u00e9ndez \\u00c1lvaro Residencial\",\"isPartOf\":{\"@id\":\"https:\/\/mendezalvaroresidential.com\/#website\"},\"primaryImageOfPage\":{\"@id\":\"https:\/\/mendezalvaroresidential.com\/en\/residences-1-bedroom\/#primaryimage\"},\"datePublished\":\"2021-01-14T23:23:34+00:00\",\"dateModified\":\"2021-04-09T10:35:26+00:00\",\"breadcrumb\":{\"@id\":\"https:\/\/mendezalvaroresidential.com\/en\/residences-1-bedroom\/#breadcrumb\"},\"inLanguage\":\"en-US\",\"potentialAction\":[{\"@type\":\"ReadAction\",\"target\":[\"https:\/\/mendezalvaroresidential.com\/en\/residences-1-bedroom\/\"]}]},{\"@type\":\"BreadcrumbList\",\"@id\":\"https:\/\/mendezalvaroresidential.com\/en\/residences-1-bedroom\/#breadcrumb\",\"itemListElement\":[{\"@type\":\"ListItem\",\"position\":1,\"name\":\"Portada\",\"item\":\"https:\/\/mendezalvaroresidential.com\/\"},{\"@type\":\"ListItem\",\"position\":2,\"name\":\"Residences 1 bedroom\"}]}]}<\/script>\n<!-- \/ Yoast SEO plugin. -->","yoast_head_json":{"robots":{"index":"index","follow":"follow","max-snippet":"max-snippet:-1","max-image-preview":"max-image-preview:large","max-video-preview":"max-video-preview:-1"},"canonical":"https:\/\/mendezalvaroresidential.com\/en\/residences-1-bedroom\/","og_locale":"en_US","og_type":"article","og_title":"Residences 1 bedroom - M\u00c1R - M\u00e9ndez \u00c1lvaro Residencial","og_url":"https:\/\/mendezalvaroresidential.com\/en\/residences-1-bedroom\/","og_site_name":"M\u00c1R - M\u00e9ndez \u00c1lvaro Residencial","article_modified_time":"2021-04-09T10:35:26+00:00","og_image":[{"width":2200,"height":1239,"url":"https:\/\/mendezalvaroresidential.com\/wp-content\/uploads\/2021\/01\/249_CAM_INT_01_2B_LIVING.jpg","path":"\/home\/preciado\/mendezalvaroresidential.com\/wp-content\/uploads\/2021\/01\/249_CAM_INT_01_2B_LIVING.jpg","size":"full","id":674,"alt":"","pixels":2725800,"type":"image\/jpeg"}],"twitter_card":"summary_large_image","schema":{"@context":"https:\/\/schema.org","@graph":[{"@type":"WebSite","@id":"https:\/\/mendezalvaroresidential.com\/#website","url":"https:\/\/mendezalvaroresidential.com\/","name":"M\u00c1R - M\u00e9ndez \u00c1lvaro Residencial","description":"Otro sitio realizado con WordPress","potentialAction":[{"@type":"SearchAction","target":{"@type":"EntryPoint","urlTemplate":"https:\/\/mendezalvaroresidential.com\/?s={search_term_string}"},"query-input":"required name=search_term_string"}],"inLanguage":"en-US"},{"@type":"ImageObject","@id":"https:\/\/mendezalvaroresidential.com\/en\/residences-1-bedroom\/#primaryimage","inLanguage":"en-US","url":"https:\/\/mendezalvaroresidential.com\/wp-content\/uploads\/2021\/01\/249_CAM_INT_01_2B_LIVING.jpg","contentUrl":"https:\/\/mendezalvaroresidential.com\/wp-content\/uploads\/2021\/01\/249_CAM_INT_01_2B_LIVING.jpg","width":2200,"height":1239},{"@type":"WebPage","@id":"https:\/\/mendezalvaroresidential.com\/en\/residences-1-bedroom\/#webpage","url":"https:\/\/mendezalvaroresidential.com\/en\/residences-1-bedroom\/","name":"Residences 1 bedroom - M\u00c1R - M\u00e9ndez \u00c1lvaro Residencial","isPartOf":{"@id":"https:\/\/mendezalvaroresidential.com\/#website"},"primaryImageOfPage":{"@id":"https:\/\/mendezalvaroresidential.com\/en\/residences-1-bedroom\/#primaryimage"},"datePublished":"2021-01-14T23:23:34+00:00","dateModified":"2021-04-09T10:35:26+00:00","breadcrumb":{"@id":"https:\/\/mendezalvaroresidential.com\/en\/residences-1-bedroom\/#breadcrumb"},"inLanguage":"en-US","potentialAction":[{"@type":"ReadAction","target":["https:\/\/mendezalvaroresidential.com\/en\/residences-1-bedroom\/"]}]},{"@type":"BreadcrumbList","@id":"https:\/\/mendezalvaroresidential.com\/en\/residences-1-bedroom\/#breadcrumb","itemListElement":[{"@type":"ListItem","position":1,"name":"Portada","item":"https:\/\/mendezalvaroresidential.com\/"},{"@type":"ListItem","position":2,"name":"Residences 1 bedroom"}]}]}},"_links":{"self":[{"href":"https:\/\/mendezalvaroresidential.com\/en\/wp-json\/wp\/v2\/pages\/885"}],"collection":[{"href":"https:\/\/mendezalvaroresidential.com\/en\/wp-json\/wp\/v2\/pages"}],"about":[{"href":"https:\/\/mendezalvaroresidential.com\/en\/wp-json\/wp\/v2\/types\/page"}],"author":[{"embeddable":true,"href":"https:\/\/mendezalvaroresidential.com\/en\/wp-json\/wp\/v2\/users\/1"}],"replies":[{"embeddable":true,"href":"https:\/\/mendezalvaroresidential.com\/en\/wp-json\/wp\/v2\/comments?post=885"}],"version-history":[{"count":2,"href":"https:\/\/mendezalvaroresidential.com\/en\/wp-json\/wp\/v2\/pages\/885\/revisions"}],"predecessor-version":[{"id":905,"href":"https:\/\/mendezalvaroresidential.com\/en\/wp-json\/wp\/v2\/pages\/885\/revisions\/905"}],"wp:featuredmedia":[{"embeddable":true,"href":"https:\/\/mendezalvaroresidential.com\/en\/wp-json\/wp\/v2\/media\/674"}],"wp:attachment":[{"href":"https:\/\/mendezalvaroresidential.com\/en\/wp-json\/wp\/v2\/media?parent=885"}],"curies":[{"name":"wp","href":"https:\/\/api.w.org\/{rel}","templated":true}]}}