
{"id":884,"date":"2021-01-14T23:21:36","date_gmt":"2021-01-14T23:21:36","guid":{"rendered":"http:\/\/mendezalvaroresidential.com\/en-ficha-las-viviendas-2-dormitorios\/"},"modified":"2021-04-09T10:38:23","modified_gmt":"2021-04-09T10:38:23","slug":"residences-2-bedrooms","status":"publish","type":"page","link":"https:\/\/mendezalvaroresidential.com\/en\/residences-2-bedrooms\/","title":{"rendered":"Residences 2 bedrooms"},"content":{"rendered":"","protected":false},"excerpt":{"rendered":"","protected":false},"author":1,"featured_media":662,"parent":0,"menu_order":0,"comment_status":"closed","ping_status":"closed","template":"page-secciones.php","meta":[],"yoast_head":"<!-- This site is optimized with the Yoast SEO plugin v16.8 - https:\/\/yoast.com\/wordpress\/plugins\/seo\/ -->\n<meta name=\"robots\" content=\"index, follow, max-snippet:-1, max-image-preview:large, max-video-preview:-1\" \/>\n<link rel=\"canonical\" href=\"https:\/\/mendezalvaroresidential.com\/en\/residences-2-bedrooms\/\" \/>\n<meta property=\"og:locale\" content=\"en_US\" \/>\n<meta property=\"og:type\" content=\"article\" \/>\n<meta property=\"og:title\" content=\"Residences 2 bedrooms - M\u00c1R - M\u00e9ndez \u00c1lvaro Residencial\" \/>\n<meta property=\"og:url\" content=\"https:\/\/mendezalvaroresidential.com\/en\/residences-2-bedrooms\/\" \/>\n<meta property=\"og:site_name\" content=\"M\u00c1R - M\u00e9ndez \u00c1lvaro Residencial\" \/>\n<meta property=\"article:modified_time\" content=\"2021-04-09T10:38:23+00:00\" \/>\n<meta property=\"og:image\" content=\"https:\/\/mendezalvaroresidential.com\/wp-content\/uploads\/2021\/01\/249_CAM_INT_07_KITCHEN_03_2200px.jpg\" \/>\n\t<meta property=\"og:image:width\" content=\"2200\" \/>\n\t<meta property=\"og:image:height\" content=\"1238\" \/>\n<meta name=\"twitter:card\" content=\"summary_large_image\" \/>\n<script type=\"application\/ld+json\" class=\"yoast-schema-graph\">{\"@context\":\"https:\/\/schema.org\",\"@graph\":[{\"@type\":\"WebSite\",\"@id\":\"https:\/\/mendezalvaroresidential.com\/#website\",\"url\":\"https:\/\/mendezalvaroresidential.com\/\",\"name\":\"M\\u00c1R - M\\u00e9ndez \\u00c1lvaro Residencial\",\"description\":\"Otro sitio realizado con WordPress\",\"potentialAction\":[{\"@type\":\"SearchAction\",\"target\":{\"@type\":\"EntryPoint\",\"urlTemplate\":\"https:\/\/mendezalvaroresidential.com\/?s={search_term_string}\"},\"query-input\":\"required name=search_term_string\"}],\"inLanguage\":\"en-US\"},{\"@type\":\"ImageObject\",\"@id\":\"https:\/\/mendezalvaroresidential.com\/en\/residences-2-bedrooms\/#primaryimage\",\"inLanguage\":\"en-US\",\"url\":\"https:\/\/mendezalvaroresidential.com\/wp-content\/uploads\/2021\/01\/249_CAM_INT_07_KITCHEN_03_2200px.jpg\",\"contentUrl\":\"https:\/\/mendezalvaroresidential.com\/wp-content\/uploads\/2021\/01\/249_CAM_INT_07_KITCHEN_03_2200px.jpg\",\"width\":2200,\"height\":1238},{\"@type\":\"WebPage\",\"@id\":\"https:\/\/mendezalvaroresidential.com\/en\/residences-2-bedrooms\/#webpage\",\"url\":\"https:\/\/mendezalvaroresidential.com\/en\/residences-2-bedrooms\/\",\"name\":\"Residences 2 bedrooms - M\\u00c1R - M\\u00e9ndez \\u00c1lvaro Residencial\",\"isPartOf\":{\"@id\":\"https:\/\/mendezalvaroresidential.com\/#website\"},\"primaryImageOfPage\":{\"@id\":\"https:\/\/mendezalvaroresidential.com\/en\/residences-2-bedrooms\/#primaryimage\"},\"datePublished\":\"2021-01-14T23:21:36+00:00\",\"dateModified\":\"2021-04-09T10:38:23+00:00\",\"breadcrumb\":{\"@id\":\"https:\/\/mendezalvaroresidential.com\/en\/residences-2-bedrooms\/#breadcrumb\"},\"inLanguage\":\"en-US\",\"potentialAction\":[{\"@type\":\"ReadAction\",\"target\":[\"https:\/\/mendezalvaroresidential.com\/en\/residences-2-bedrooms\/\"]}]},{\"@type\":\"BreadcrumbList\",\"@id\":\"https:\/\/mendezalvaroresidential.com\/en\/residences-2-bedrooms\/#breadcrumb\",\"itemListElement\":[{\"@type\":\"ListItem\",\"position\":1,\"name\":\"Portada\",\"item\":\"https:\/\/mendezalvaroresidential.com\/\"},{\"@type\":\"ListItem\",\"position\":2,\"name\":\"Residences 2 bedrooms\"}]}]}<\/script>\n<!-- \/ Yoast SEO plugin. -->","yoast_head_json":{"robots":{"index":"index","follow":"follow","max-snippet":"max-snippet:-1","max-image-preview":"max-image-preview:large","max-video-preview":"max-video-preview:-1"},"canonical":"https:\/\/mendezalvaroresidential.com\/en\/residences-2-bedrooms\/","og_locale":"en_US","og_type":"article","og_title":"Residences 2 bedrooms - M\u00c1R - M\u00e9ndez \u00c1lvaro Residencial","og_url":"https:\/\/mendezalvaroresidential.com\/en\/residences-2-bedrooms\/","og_site_name":"M\u00c1R - M\u00e9ndez \u00c1lvaro Residencial","article_modified_time":"2021-04-09T10:38:23+00:00","og_image":[{"width":2200,"height":1238,"url":"https:\/\/mendezalvaroresidential.com\/wp-content\/uploads\/2021\/01\/249_CAM_INT_07_KITCHEN_03_2200px.jpg","path":"\/home\/preciado\/mendezalvaroresidential.com\/wp-content\/uploads\/2021\/01\/249_CAM_INT_07_KITCHEN_03_2200px.jpg","size":"full","id":662,"alt":"","pixels":2723600,"type":"image\/jpeg"}],"twitter_card":"summary_large_image","schema":{"@context":"https:\/\/schema.org","@graph":[{"@type":"WebSite","@id":"https:\/\/mendezalvaroresidential.com\/#website","url":"https:\/\/mendezalvaroresidential.com\/","name":"M\u00c1R - M\u00e9ndez \u00c1lvaro Residencial","description":"Otro sitio realizado con WordPress","potentialAction":[{"@type":"SearchAction","target":{"@type":"EntryPoint","urlTemplate":"https:\/\/mendezalvaroresidential.com\/?s={search_term_string}"},"query-input":"required name=search_term_string"}],"inLanguage":"en-US"},{"@type":"ImageObject","@id":"https:\/\/mendezalvaroresidential.com\/en\/residences-2-bedrooms\/#primaryimage","inLanguage":"en-US","url":"https:\/\/mendezalvaroresidential.com\/wp-content\/uploads\/2021\/01\/249_CAM_INT_07_KITCHEN_03_2200px.jpg","contentUrl":"https:\/\/mendezalvaroresidential.com\/wp-content\/uploads\/2021\/01\/249_CAM_INT_07_KITCHEN_03_2200px.jpg","width":2200,"height":1238},{"@type":"WebPage","@id":"https:\/\/mendezalvaroresidential.com\/en\/residences-2-bedrooms\/#webpage","url":"https:\/\/mendezalvaroresidential.com\/en\/residences-2-bedrooms\/","name":"Residences 2 bedrooms - M\u00c1R - M\u00e9ndez \u00c1lvaro Residencial","isPartOf":{"@id":"https:\/\/mendezalvaroresidential.com\/#website"},"primaryImageOfPage":{"@id":"https:\/\/mendezalvaroresidential.com\/en\/residences-2-bedrooms\/#primaryimage"},"datePublished":"2021-01-14T23:21:36+00:00","dateModified":"2021-04-09T10:38:23+00:00","breadcrumb":{"@id":"https:\/\/mendezalvaroresidential.com\/en\/residences-2-bedrooms\/#breadcrumb"},"inLanguage":"en-US","potentialAction":[{"@type":"ReadAction","target":["https:\/\/mendezalvaroresidential.com\/en\/residences-2-bedrooms\/"]}]},{"@type":"BreadcrumbList","@id":"https:\/\/mendezalvaroresidential.com\/en\/residences-2-bedrooms\/#breadcrumb","itemListElement":[{"@type":"ListItem","position":1,"name":"Portada","item":"https:\/\/mendezalvaroresidential.com\/"},{"@type":"ListItem","position":2,"name":"Residences 2 bedrooms"}]}]}},"_links":{"self":[{"href":"https:\/\/mendezalvaroresidential.com\/en\/wp-json\/wp\/v2\/pages\/884"}],"collection":[{"href":"https:\/\/mendezalvaroresidential.com\/en\/wp-json\/wp\/v2\/pages"}],"about":[{"href":"https:\/\/mendezalvaroresidential.com\/en\/wp-json\/wp\/v2\/types\/page"}],"author":[{"embeddable":true,"href":"https:\/\/mendezalvaroresidential.com\/en\/wp-json\/wp\/v2\/users\/1"}],"replies":[{"embeddable":true,"href":"https:\/\/mendezalvaroresidential.com\/en\/wp-json\/wp\/v2\/comments?post=884"}],"version-history":[{"count":2,"href":"https:\/\/mendezalvaroresidential.com\/en\/wp-json\/wp\/v2\/pages\/884\/revisions"}],"predecessor-version":[{"id":906,"href":"https:\/\/mendezalvaroresidential.com\/en\/wp-json\/wp\/v2\/pages\/884\/revisions\/906"}],"wp:featuredmedia":[{"embeddable":true,"href":"https:\/\/mendezalvaroresidential.com\/en\/wp-json\/wp\/v2\/media\/662"}],"wp:attachment":[{"href":"https:\/\/mendezalvaroresidential.com\/en\/wp-json\/wp\/v2\/media?parent=884"}],"curies":[{"name":"wp","href":"https:\/\/api.w.org\/{rel}","templated":true}]}}