
{"id":564,"date":"2021-01-08T14:32:36","date_gmt":"2021-01-08T14:32:36","guid":{"rendered":"http:\/\/mendezalvaroresidential.com\/las-viviendas\/"},"modified":"2021-08-06T12:24:52","modified_gmt":"2021-08-06T12:24:52","slug":"las-viviendas","status":"publish","type":"page","link":"https:\/\/mendezalvaroresidential.com\/en\/","title":{"rendered":"The Residences"},"content":{"rendered":"","protected":false},"excerpt":{"rendered":"","protected":false},"author":1,"featured_media":574,"parent":0,"menu_order":0,"comment_status":"closed","ping_status":"closed","template":"page-secciones.php","meta":[],"yoast_head":"<!-- This site is optimized with the Yoast SEO plugin v16.8 - https:\/\/yoast.com\/wordpress\/plugins\/seo\/ -->\n<meta name=\"description\" content=\"M\u00e9ndez \u00c1lvaro Residencial opens the doors to renting in Madrid. A total of 135 1-, 2-, and 3-bedroom homes with exceptional terraces overlooking one of the fastest-growing business districts of the capital and with excellent transport links.\" \/>\n<meta name=\"robots\" content=\"index, follow, max-snippet:-1, max-image-preview:large, max-video-preview:-1\" \/>\n<link rel=\"canonical\" href=\"https:\/\/mendezalvaroresidential.com\/en\/\" \/>\n<meta property=\"og:locale\" content=\"en_US\" \/>\n<meta property=\"og:type\" content=\"article\" \/>\n<meta property=\"og:title\" content=\"M\u00e9ndez \u00c1lvaro Residential\" \/>\n<meta property=\"og:description\" content=\"M\u00e9ndez \u00c1lvaro Residencial opens the doors to renting in Madrid. A total of 135 1-, 2-, and 3-bedroom homes with exceptional terraces overlooking one of the fastest-growing business districts of the capital and with excellent transport links.\" \/>\n<meta property=\"og:url\" content=\"https:\/\/mendezalvaroresidential.com\/\" \/>\n<meta property=\"og:site_name\" content=\"M\u00c1R - M\u00e9ndez \u00c1lvaro Residencial\" \/>\n<meta property=\"article:modified_time\" content=\"2021-08-06T12:24:52+00:00\" \/>\n<meta property=\"og:image\" content=\"https:\/\/mendezalvaroresidential.com\/wp-content\/uploads\/2020\/12\/home_banner_parallax_1-1024x525.png\" \/>\n\t<meta property=\"og:image:width\" content=\"1024\" \/>\n\t<meta property=\"og:image:height\" content=\"525\" \/>\n<meta name=\"twitter:card\" content=\"summary_large_image\" \/>\n<script type=\"application\/ld+json\" class=\"yoast-schema-graph\">{\"@context\":\"https:\/\/schema.org\",\"@graph\":[{\"@type\":\"WebSite\",\"@id\":\"https:\/\/mendezalvaroresidential.com\/#website\",\"url\":\"https:\/\/mendezalvaroresidential.com\/\",\"name\":\"M\\u00c1R - M\\u00e9ndez \\u00c1lvaro Residencial\",\"description\":\"Otro sitio realizado con WordPress\",\"potentialAction\":[{\"@type\":\"SearchAction\",\"target\":{\"@type\":\"EntryPoint\",\"urlTemplate\":\"https:\/\/mendezalvaroresidential.com\/?s={search_term_string}\"},\"query-input\":\"required name=search_term_string\"}],\"inLanguage\":\"en-US\"},{\"@type\":\"ImageObject\",\"@id\":\"https:\/\/mendezalvaroresidential.com\/#primaryimage\",\"inLanguage\":\"en-US\",\"url\":\"https:\/\/mendezalvaroresidential.com\/wp-content\/uploads\/2020\/12\/home_banner_parallax_1.png\",\"contentUrl\":\"https:\/\/mendezalvaroresidential.com\/wp-content\/uploads\/2020\/12\/home_banner_parallax_1.png\",\"width\":1922,\"height\":985},{\"@type\":\"WebPage\",\"@id\":\"https:\/\/mendezalvaroresidential.com\/#webpage\",\"url\":\"https:\/\/mendezalvaroresidential.com\/\",\"name\":\"M\\u00e9ndez \\u00c1lvaro Residential\",\"isPartOf\":{\"@id\":\"https:\/\/mendezalvaroresidential.com\/#website\"},\"primaryImageOfPage\":{\"@id\":\"https:\/\/mendezalvaroresidential.com\/#primaryimage\"},\"datePublished\":\"2021-01-08T14:32:36+00:00\",\"dateModified\":\"2021-08-06T12:24:52+00:00\",\"description\":\"M\\u00e9ndez \\u00c1lvaro Residencial opens the doors to renting in Madrid. A total of 135 1-, 2-, and 3-bedroom homes with exceptional terraces overlooking one of the fastest-growing business districts of the capital and with excellent transport links.\",\"breadcrumb\":{\"@id\":\"https:\/\/mendezalvaroresidential.com\/#breadcrumb\"},\"inLanguage\":\"en-US\",\"potentialAction\":[{\"@type\":\"ReadAction\",\"target\":[\"https:\/\/mendezalvaroresidential.com\/\"]}]},{\"@type\":\"BreadcrumbList\",\"@id\":\"https:\/\/mendezalvaroresidential.com\/#breadcrumb\",\"itemListElement\":[{\"@type\":\"ListItem\",\"position\":1,\"name\":\"Portada\",\"item\":\"https:\/\/mendezalvaroresidential.com\/\"},{\"@type\":\"ListItem\",\"position\":2,\"name\":\"The Residences\"}]}]}<\/script>\n<!-- \/ Yoast SEO plugin. -->","yoast_head_json":{"description":"M\u00e9ndez \u00c1lvaro Residencial opens the doors to renting in Madrid. A total of 135 1-, 2-, and 3-bedroom homes with exceptional terraces overlooking one of the fastest-growing business districts of the capital and with excellent transport links.","robots":{"index":"index","follow":"follow","max-snippet":"max-snippet:-1","max-image-preview":"max-image-preview:large","max-video-preview":"max-video-preview:-1"},"canonical":"https:\/\/mendezalvaroresidential.com\/en\/","og_locale":"en_US","og_type":"article","og_title":"M\u00e9ndez \u00c1lvaro Residential","og_description":"M\u00e9ndez \u00c1lvaro Residencial opens the doors to renting in Madrid. A total of 135 1-, 2-, and 3-bedroom homes with exceptional terraces overlooking one of the fastest-growing business districts of the capital and with excellent transport links.","og_url":"https:\/\/mendezalvaroresidential.com\/","og_site_name":"M\u00c1R - M\u00e9ndez \u00c1lvaro Residencial","article_modified_time":"2021-08-06T12:24:52+00:00","og_image":[{"width":1024,"height":525,"path":"2020\/12\/home_banner_parallax_1-1024x525.png","url":"https:\/\/mendezalvaroresidential.com\/wp-content\/uploads\/2020\/12\/home_banner_parallax_1-1024x525.png","size":"large","id":574,"alt":"","pixels":537600,"type":"image\/png"}],"twitter_card":"summary_large_image","schema":{"@context":"https:\/\/schema.org","@graph":[{"@type":"WebSite","@id":"https:\/\/mendezalvaroresidential.com\/#website","url":"https:\/\/mendezalvaroresidential.com\/","name":"M\u00c1R - M\u00e9ndez \u00c1lvaro Residencial","description":"Otro sitio realizado con WordPress","potentialAction":[{"@type":"SearchAction","target":{"@type":"EntryPoint","urlTemplate":"https:\/\/mendezalvaroresidential.com\/?s={search_term_string}"},"query-input":"required name=search_term_string"}],"inLanguage":"en-US"},{"@type":"ImageObject","@id":"https:\/\/mendezalvaroresidential.com\/#primaryimage","inLanguage":"en-US","url":"https:\/\/mendezalvaroresidential.com\/wp-content\/uploads\/2020\/12\/home_banner_parallax_1.png","contentUrl":"https:\/\/mendezalvaroresidential.com\/wp-content\/uploads\/2020\/12\/home_banner_parallax_1.png","width":1922,"height":985},{"@type":"WebPage","@id":"https:\/\/mendezalvaroresidential.com\/#webpage","url":"https:\/\/mendezalvaroresidential.com\/","name":"M\u00e9ndez \u00c1lvaro Residential","isPartOf":{"@id":"https:\/\/mendezalvaroresidential.com\/#website"},"primaryImageOfPage":{"@id":"https:\/\/mendezalvaroresidential.com\/#primaryimage"},"datePublished":"2021-01-08T14:32:36+00:00","dateModified":"2021-08-06T12:24:52+00:00","description":"M\u00e9ndez \u00c1lvaro Residencial opens the doors to renting in Madrid. A total of 135 1-, 2-, and 3-bedroom homes with exceptional terraces overlooking one of the fastest-growing business districts of the capital and with excellent transport links.","breadcrumb":{"@id":"https:\/\/mendezalvaroresidential.com\/#breadcrumb"},"inLanguage":"en-US","potentialAction":[{"@type":"ReadAction","target":["https:\/\/mendezalvaroresidential.com\/"]}]},{"@type":"BreadcrumbList","@id":"https:\/\/mendezalvaroresidential.com\/#breadcrumb","itemListElement":[{"@type":"ListItem","position":1,"name":"Portada","item":"https:\/\/mendezalvaroresidential.com\/"},{"@type":"ListItem","position":2,"name":"The Residences"}]}]}},"_links":{"self":[{"href":"https:\/\/mendezalvaroresidential.com\/en\/wp-json\/wp\/v2\/pages\/564"}],"collection":[{"href":"https:\/\/mendezalvaroresidential.com\/en\/wp-json\/wp\/v2\/pages"}],"about":[{"href":"https:\/\/mendezalvaroresidential.com\/en\/wp-json\/wp\/v2\/types\/page"}],"author":[{"embeddable":true,"href":"https:\/\/mendezalvaroresidential.com\/en\/wp-json\/wp\/v2\/users\/1"}],"replies":[{"embeddable":true,"href":"https:\/\/mendezalvaroresidential.com\/en\/wp-json\/wp\/v2\/comments?post=564"}],"version-history":[{"count":5,"href":"https:\/\/mendezalvaroresidential.com\/en\/wp-json\/wp\/v2\/pages\/564\/revisions"}],"predecessor-version":[{"id":2073,"href":"https:\/\/mendezalvaroresidential.com\/en\/wp-json\/wp\/v2\/pages\/564\/revisions\/2073"}],"wp:featuredmedia":[{"embeddable":true,"href":"https:\/\/mendezalvaroresidential.com\/en\/wp-json\/wp\/v2\/media\/574"}],"wp:attachment":[{"href":"https:\/\/mendezalvaroresidential.com\/en\/wp-json\/wp\/v2\/media?parent=564"}],"curies":[{"name":"wp","href":"https:\/\/api.w.org\/{rel}","templated":true}]}}